{"id":174,"date":"2021-01-04T16:41:18","date_gmt":"2021-01-04T16:41:18","guid":{"rendered":"http:\/\/galeriamiejska.pl\/?page_id=174"},"modified":"2021-01-04T16:41:18","modified_gmt":"2021-01-04T16:41:18","slug":"","status":"publish","type":"page","link":"https:\/\/galeriamiejska.pl\/en\/polityka-prywatnosci\/","title":{"rendered":"Privacy policy ","raw":"Privacy policy "},"content":{"rendered":"\n<p><strong>Privacy policy for the website of the City Gallery in Wroc\u0142aw<\/strong><br><br>General information<br><br>1. www.galeriamiejska.pl website is operated by an employee of the City Gallery in Wroc\u0142aw.<br>2. Personal data is administered by the City Gallery in Wroc\u0142aw with its seat at ul. Kie\u0142ba\u015bnicza 28, Wroc\u0142aw.<br>3. The website obtains information about users and their behaviour in the following way:<br>(a) by recording information entered by users voluntarily in forms,<br>b) by having web server log files collected by Home.pl hosting operator, operating at www.home.pl.<br>Information contained in forms<br>1. The website collects information provided by users voluntarily.<br>2. Moreover, the website may save information about connection parameters (time stamp, IP address).<br>3. The data in the form is not shared with third parties otherwise than with the user&#8217;s consent.<br>4. The data provided in the form may be a&nbsp;set of potential customers.<br>Server logs<br>1. Information about some user behaviours are subject to logging in the server layer. The data are used only to administer the website and to ensure the most efficient handling of hosting services.<br>2. The browsed resources are identified by URL addresses. In addition, the following may be recorded:<br>a) time\/date of the request,<br>b) time of sending the response,<br>c) name of the client station \u2013 identified by HTTP protocol,<br>d) information on errors that occurred while executing the HTTP transaction,<br>e) URL address of the page previously visited by the user (referrer link) &#8211; in case when the website was accessed via a&nbsp;link,<br>f) information about the user&#8217;s browser,<br>g) Information on the IP address.<br>3. The above data is not associated with any specific person browsing the site.<br>4. The above data is used for server administration purposes only.<br>Providing data<br>1. Data that enables identification of a&nbsp;natural person is made available only with the consent of the person concerned.<br>2. The collected identification data may be made available to third parties in the scope resulting from the implementation of statutory obligations.<br>3. Based on lawful requests the operator may be required to provide authorized authorities with information collected by the Website to the extent resulting from the request.<br><\/p>\n","protected":false,"raw":"<!-- wp:paragraph -->\n<p><strong>Privacy policy for the website of the City Gallery in Wroc\u0142aw<\/strong><br><br>General information<br><br>1. www.galeriamiejska.pl website is operated by an employee of the City Gallery in Wroc\u0142aw.<br>2. Personal data is administered by the City Gallery in Wroc\u0142aw with its seat at ul. Kie\u0142ba\u015bnicza 28, Wroc\u0142aw.<br>3. The website obtains information about users and their behaviour in the following way:<br>(a) by recording information entered by users voluntarily in forms,<br>b) by having web server log files collected by Home.pl hosting operator, operating at www.home.pl.<br>Information contained in forms<br>1. The website collects information provided by users voluntarily.<br>2. Moreover, the website may save information about connection parameters (time stamp, IP address).<br>3. The data in the form is not shared with third parties otherwise than with the user's consent.<br>4. The data provided in the form may be a&nbsp;set of potential customers.<br>Server logs<br>1. Information about some user behaviours are subject to logging in the server layer. The data are used only to administer the website and to ensure the most efficient handling of hosting services.<br>2. The browsed resources are identified by URL addresses. In addition, the following may be recorded:<br>a) time\/date of the request,<br>b) time of sending the response,<br>c) name of the client station \u2013 identified by HTTP protocol,<br>d) information on errors that occurred while executing the HTTP transaction,<br>e) URL address of the page previously visited by the user (referrer link) - in case when the website was accessed via a&nbsp;link,<br>f) information about the user's browser,<br>g) Information on the IP address.<br>3. The above data is not associated with any specific person browsing the site.<br>4. The above data is used for server administration purposes only.<br>Providing data<br>1. Data that enables identification of a&nbsp;natural person is made available only with the consent of the person concerned.<br>2. The collected identification data may be made available to third parties in the scope resulting from the implementation of statutory obligations.<br>3. Based on lawful requests the operator may be required to provide authorized authorities with information collected by the Website to the extent resulting from the request.<br><\/p>\n<!-- \/wp:paragraph -->"},"excerpt":{"rendered":"<p>Privacy policy for the website of the City Gallery in Wroc\u0142aw<\/p>\n","protected":false,"raw":"Privacy policy for the website of the City Gallery in Wroc\u0142aw"},"author":1,"featured_media":175,"parent":0,"menu_order":0,"comment_status":"closed","ping_status":"closed","template":"","meta":{"_pl_post_content":"<!-- wp:paragraph -->\n<p><strong>Polityka prywatno\u015bci strony internetowej Galerii Miejskiej we Wroc\u0142awiu<\/strong><br><strong><br>Informacje og\u00f3lne<br><\/strong><br>1. Operatorem strony internetowej www.galeriamiejska.pl jest Pracownik Galerii Miejskiej we Wroc\u0142awiu.<br>2. Administratorem danych osobowych jest Galeria Miejska we Wroc\u0142awiu z&nbsp;siedzib\u0105 przy<br>ul. Kie\u0142ba\u015bniczej 28, Wroc\u0142aw.<br>3. Serwis realizuje funkcje pozyskiwania informacji o&nbsp;u\u017cytkownikach i&nbsp;ich zachowaniu w&nbsp;nast\u0119puj\u0105cy spos\u00f3b:<br>a) poprzez dobrowolnie wprowadzone w&nbsp;formularzach informacje,<br>b) poprzez gromadzenie log\u00f3w serwera www przez operatora hostingowego Home.pl funkcjonuj\u0105cego pod adresem www.home.pl .<br><br><strong>Informacje w&nbsp;formularzach<\/strong><br><br>1. Serwis zbiera informacje podane dobrowolnie przez u\u017cytkownika.<br>2. Serwis mo\u017ce zapisa\u0107 ponadto informacje o&nbsp;parametrach po\u0142\u0105czenia (oznaczenie czasu, adres IP)<br>3. Dane w&nbsp;formularzu nie s\u0105 udost\u0119pniane podmiotom trzecim inaczej, ni\u017c za zgod\u0105 u\u017cytkownika.<br>4. Dane podane w&nbsp;formularzu mog\u0105 stanowi\u0107 zbi\u00f3r potencjalnych klient\u00f3w.<br><br><strong>Logi serwera<\/strong><br><br>1. Informacje o&nbsp;niekt\u00f3rych zachowaniach u\u017cytkownik\u00f3w podlegaj\u0105 logowaniu w&nbsp;warstwie serwerowej. Dane te s\u0105 wykorzystywane wy\u0142\u0105cznie w&nbsp;celu administrowania serwisem oraz w&nbsp;celu zapewnienia jak najbardziej sprawnej obs\u0142ugi \u015bwiadczonych us\u0142ug hostingowych.<br>2. Przegl\u0105dane zasoby identyfikowane s\u0105 poprzez adresy URL. Ponadto zapisowi mog\u0105 podlega\u0107:<br>a) czas nadej\u015bcia zapytania,<br>b) czas wys\u0142ania odpowiedzi,<br>c) nazw\u0119 stacji klienta \u2013 identyfikacja realizowana przez protok\u00f3\u0142 HTTP,<br>d) informacje o&nbsp;b\u0142\u0119dach jakie nast\u0105pi\u0142y przy realizacji transakcji HTTP,<br>e) adres URL strony poprzednio odwiedzanej przez u\u017cytkownika (referer link) \u2013 w&nbsp;przypadku gdy przej\u015bcie do Serwisu nast\u0105pi\u0142o przez odno\u015bnik,<br>f) informacje o&nbsp;przegl\u0105darce u\u017cytkownika,<br>g) Informacje o&nbsp;adresie IP.<br>3. Dane powy\u017csze nie s\u0105 kojarzone z&nbsp;konkretnymi osobami przegl\u0105daj\u0105cymi strony.<br>4. Dane powy\u017csze s\u0105 wykorzystywane jedynie dla cel\u00f3w administrowania serwerem.<br><br><strong>Udost\u0119pnienie danych<\/strong><br><br>1. Dane umo\u017cliwiaj\u0105ce identyfikacj\u0119 osoby fizycznej s\u0105 udost\u0119pniane wy\u0142\u0105czenie za zgod\u0105 tej osoby.<br>2. Gromadzone dane identyfikacyjne mog\u0105 by\u0107 udost\u0119pniane podmiotom trzecim w&nbsp;zakresie dzia\u0142a\u0144 wynikaj\u0105cych z&nbsp;realizacji statutowych obowi\u0105zk\u00f3w.<br>3. Operator mo\u017ce mie\u0107 obowi\u0105zek udzielania informacji zebranych przez Serwis upowa\u017cnionym organom na podstawie zgodnych z&nbsp;prawem \u017c\u0105da\u0144 w&nbsp;zakresie wynikaj\u0105cym z&nbsp;\u017c\u0105dania.<br><\/p>\n<!-- \/wp:paragraph -->","_pl_post_name":"polityka-prywatnosci","_pl_post_excerpt":"Polityka prywatno\u015bci strony internetowej Galerii Miejskiej we Wroc\u0142awiu\n","_pl_post_title":"Polityka prywatno\u015bci","_en_post_content":"<!-- wp:paragraph -->\n<p><strong>Privacy policy for the website of the City Gallery in Wroc\u0142aw<\/strong><br><br>General information<br><br>1. www.galeriamiejska.pl website is operated by an employee of the City Gallery in Wroc\u0142aw.<br>2. Personal data is administered by the City Gallery in Wroc\u0142aw with its seat at ul. Kie\u0142ba\u015bnicza 28, Wroc\u0142aw.<br>3. The website obtains information about users and their behaviour in the following way:<br>(a) by recording information entered by users voluntarily in forms,<br>b) by having web server log files collected by Home.pl hosting operator, operating at www.home.pl.<br>Information contained in forms<br>1. The website collects information provided by users voluntarily.<br>2. Moreover, the website may save information about connection parameters (time stamp, IP address).<br>3. The data in the form is not shared with third parties otherwise than with the user's consent.<br>4. The data provided in the form may be a&nbsp;set of potential customers.<br>Server logs<br>1. Information about some user behaviours are subject to logging in the server layer. The data are used only to administer the website and to ensure the most efficient handling of hosting services.<br>2. The browsed resources are identified by URL addresses. In addition, the following may be recorded:<br>a) time\/date of the request,<br>b) time of sending the response,<br>c) name of the client station \u2013 identified by HTTP protocol,<br>d) information on errors that occurred while executing the HTTP transaction,<br>e) URL address of the page previously visited by the user (referrer link) - in case when the website was accessed via a&nbsp;link,<br>f) information about the user's browser,<br>g) Information on the IP address.<br>3. The above data is not associated with any specific person browsing the site.<br>4. The above data is used for server administration purposes only.<br>Providing data<br>1. Data that enables identification of a&nbsp;natural person is made available only with the consent of the person concerned.<br>2. The collected identification data may be made available to third parties in the scope resulting from the implementation of statutory obligations.<br>3. Based on lawful requests the operator may be required to provide authorized authorities with information collected by the Website to the extent resulting from the request.<br><\/p>\n<!-- \/wp:paragraph -->","_en_post_name":"","_en_post_excerpt":"Privacy policy for the website of the City Gallery in Wroc\u0142aw","_en_post_title":"Privacy policy ","edit_language":"en","footnotes":""},"class_list":["post-174","page","type-page","status-publish","has-post-thumbnail","hentry"],"yoast_head":"<!-- This site is optimized with the Yoast SEO plugin v16.8 - https:\/\/yoast.com\/wordpress\/plugins\/seo\/ -->\n<title>Polityka prywatno\u015bci - Galeria Miejska we Wroc\u0142awiu<\/title>\n<meta name=\"robots\" content=\"index, follow, max-snippet:-1, max-image-preview:large, max-video-preview:-1\" \/>\n<link rel=\"canonical\" href=\"https:\/\/galeriamiejska.pl\/en\/polityka-prywatnosci\/\" \/>\n<meta property=\"og:locale\" content=\"en_US\" \/>\n<meta property=\"og:type\" content=\"article\" \/>\n<meta property=\"og:title\" content=\"Polityka prywatno\u015bci - Galeria Miejska we Wroc\u0142awiu\" \/>\n<meta property=\"og:description\" content=\"Polityka prywatno\u015bci strony internetowej Galerii Miejskiej we Wroc\u0142awiu\" \/>\n<meta property=\"og:url\" content=\"https:\/\/galeriamiejska.pl\/en\/polityka-prywatnosci\/\" \/>\n<meta property=\"og:site_name\" content=\"Galeria Miejska we Wroc\u0142awiu\" \/>\n<meta property=\"og:image\" content=\"https:\/\/galeriamiejska.pl\/wp-content\/uploads\/2021\/01\/671_noname.jpg\" \/>\n\t<meta property=\"og:image:width\" content=\"640\" \/>\n\t<meta property=\"og:image:height\" content=\"340\" \/>\n<meta name=\"twitter:card\" content=\"summary_large_image\" \/>\n<meta name=\"twitter:label1\" content=\"Est. reading time\" \/>\n\t<meta name=\"twitter:data1\" content=\"2 minutes\" \/>\n<script type=\"application\/ld+json\" class=\"yoast-schema-graph\">{\"@context\":\"https:\/\/schema.org\",\"@graph\":[{\"@type\":\"WebSite\",\"@id\":\"https:\/\/galeriamiejska.pl\/en\/#website\",\"url\":\"https:\/\/galeriamiejska.pl\/en\/\",\"name\":\"Galeria Miejska we Wroc\\u0142awiu\",\"description\":\"\",\"potentialAction\":[{\"@type\":\"SearchAction\",\"target\":{\"@type\":\"EntryPoint\",\"urlTemplate\":\"https:\/\/galeriamiejska.pl\/en\/?s={search_term_string}\"},\"query-input\":\"required name=search_term_string\"}],\"inLanguage\":\"\"},{\"@type\":\"ImageObject\",\"@id\":\"https:\/\/galeriamiejska.pl\/en\/polityka-prywatnosci\/#primaryimage\",\"inLanguage\":\"\",\"url\":\"https:\/\/galeriamiejska.pl\/wp-content\/uploads\/2021\/01\/671_noname.jpg\",\"contentUrl\":\"https:\/\/galeriamiejska.pl\/wp-content\/uploads\/2021\/01\/671_noname.jpg\",\"width\":640,\"height\":340},{\"@type\":\"WebPage\",\"@id\":\"https:\/\/galeriamiejska.pl\/en\/polityka-prywatnosci\/#webpage\",\"url\":\"https:\/\/galeriamiejska.pl\/en\/polityka-prywatnosci\/\",\"name\":\"Polityka prywatno\\u015bci - Galeria Miejska we Wroc\\u0142awiu\",\"isPartOf\":{\"@id\":\"https:\/\/galeriamiejska.pl\/en\/#website\"},\"primaryImageOfPage\":{\"@id\":\"https:\/\/galeriamiejska.pl\/en\/polityka-prywatnosci\/#primaryimage\"},\"datePublished\":\"2021-01-04T16:41:18+00:00\",\"dateModified\":\"2021-01-04T16:41:18+00:00\",\"breadcrumb\":{\"@id\":\"https:\/\/galeriamiejska.pl\/en\/polityka-prywatnosci\/#breadcrumb\"},\"inLanguage\":\"\",\"potentialAction\":[{\"@type\":\"ReadAction\",\"target\":[\"https:\/\/galeriamiejska.pl\/en\/polityka-prywatnosci\/\"]}]},{\"@type\":\"BreadcrumbList\",\"@id\":\"https:\/\/galeriamiejska.pl\/en\/polityka-prywatnosci\/#breadcrumb\",\"itemListElement\":[{\"@type\":\"ListItem\",\"position\":1,\"name\":\"Strona g\\u0142\\u00f3wna\",\"item\":\"https:\/\/galeriamiejska.pl\/en\/\"},{\"@type\":\"ListItem\",\"position\":2,\"name\":\"Privacy policy\"}]}]}<\/script>\n<!-- \/ Yoast SEO plugin. -->","yoast_head_json":{"title":"Polityka prywatno\u015bci - Galeria Miejska we Wroc\u0142awiu","robots":{"index":"index","follow":"follow","max-snippet":"max-snippet:-1","max-image-preview":"max-image-preview:large","max-video-preview":"max-video-preview:-1"},"canonical":"https:\/\/galeriamiejska.pl\/en\/polityka-prywatnosci\/","og_locale":"en_US","og_type":"article","og_title":"Polityka prywatno\u015bci - Galeria Miejska we Wroc\u0142awiu","og_description":"Polityka prywatno\u015bci strony internetowej Galerii Miejskiej we Wroc\u0142awiu","og_url":"https:\/\/galeriamiejska.pl\/en\/polityka-prywatnosci\/","og_site_name":"Galeria Miejska we Wroc\u0142awiu","og_image":[{"width":640,"height":340,"url":"https:\/\/galeriamiejska.pl\/wp-content\/uploads\/2021\/01\/671_noname.jpg","path":"\/autoinstalator\/wordpress\/wp-content\/uploads\/2021\/01\/671_noname.jpg","size":"full","id":175,"alt":"","pixels":217600,"type":"image\/jpeg"}],"twitter_card":"summary_large_image","twitter_misc":{"Est. reading time":"2 minutes"},"schema":{"@context":"https:\/\/schema.org","@graph":[{"@type":"WebSite","@id":"https:\/\/galeriamiejska.pl\/en\/#website","url":"https:\/\/galeriamiejska.pl\/en\/","name":"Galeria Miejska we Wroc\u0142awiu","description":"","potentialAction":[{"@type":"SearchAction","target":{"@type":"EntryPoint","urlTemplate":"https:\/\/galeriamiejska.pl\/en\/?s={search_term_string}"},"query-input":"required name=search_term_string"}],"inLanguage":""},{"@type":"ImageObject","@id":"https:\/\/galeriamiejska.pl\/en\/polityka-prywatnosci\/#primaryimage","inLanguage":"","url":"https:\/\/galeriamiejska.pl\/wp-content\/uploads\/2021\/01\/671_noname.jpg","contentUrl":"https:\/\/galeriamiejska.pl\/wp-content\/uploads\/2021\/01\/671_noname.jpg","width":640,"height":340},{"@type":"WebPage","@id":"https:\/\/galeriamiejska.pl\/en\/polityka-prywatnosci\/#webpage","url":"https:\/\/galeriamiejska.pl\/en\/polityka-prywatnosci\/","name":"Polityka prywatno\u015bci - Galeria Miejska we Wroc\u0142awiu","isPartOf":{"@id":"https:\/\/galeriamiejska.pl\/en\/#website"},"primaryImageOfPage":{"@id":"https:\/\/galeriamiejska.pl\/en\/polityka-prywatnosci\/#primaryimage"},"datePublished":"2021-01-04T16:41:18+00:00","dateModified":"2021-01-04T16:41:18+00:00","breadcrumb":{"@id":"https:\/\/galeriamiejska.pl\/en\/polityka-prywatnosci\/#breadcrumb"},"inLanguage":"","potentialAction":[{"@type":"ReadAction","target":["https:\/\/galeriamiejska.pl\/en\/polityka-prywatnosci\/"]}]},{"@type":"BreadcrumbList","@id":"https:\/\/galeriamiejska.pl\/en\/polityka-prywatnosci\/#breadcrumb","itemListElement":[{"@type":"ListItem","position":1,"name":"Strona g\u0142\u00f3wna","item":"https:\/\/galeriamiejska.pl\/en\/"},{"@type":"ListItem","position":2,"name":"Privacy policy"}]}]}},"_links":{"self":[{"href":"https:\/\/galeriamiejska.pl\/en\/wp-json\/wp\/v2\/pages\/174","targetHints":{"allow":["GET"]}}],"collection":[{"href":"https:\/\/galeriamiejska.pl\/en\/wp-json\/wp\/v2\/pages"}],"about":[{"href":"https:\/\/galeriamiejska.pl\/en\/wp-json\/wp\/v2\/types\/page"}],"author":[{"embeddable":true,"href":"https:\/\/galeriamiejska.pl\/en\/wp-json\/wp\/v2\/users\/1"}],"replies":[{"embeddable":true,"href":"https:\/\/galeriamiejska.pl\/en\/wp-json\/wp\/v2\/comments?post=174"}],"version-history":[{"count":2,"href":"https:\/\/galeriamiejska.pl\/en\/wp-json\/wp\/v2\/pages\/174\/revisions"}],"predecessor-version":[{"id":177,"href":"https:\/\/galeriamiejska.pl\/en\/wp-json\/wp\/v2\/pages\/174\/revisions\/177"}],"wp:featuredmedia":[{"embeddable":true,"href":"https:\/\/galeriamiejska.pl\/en\/wp-json\/wp\/v2\/media\/175"}],"wp:attachment":[{"href":"https:\/\/galeriamiejska.pl\/en\/wp-json\/wp\/v2\/media?parent=174"}],"curies":[{"name":"wp","href":"https:\/\/api.w.org\/{rel}","templated":true}]}}