{"id":157,"date":"2021-01-04T16:14:04","date_gmt":"2021-01-04T16:14:04","guid":{"rendered":"http:\/\/galeriamiejska.pl\/?page_id=157"},"modified":"2026-01-02T14:14:30","modified_gmt":"2026-01-02T14:14:30","slug":"useful-information","status":"publish","type":"page","link":"https:\/\/galeriamiejska.pl\/en\/useful-information\/","title":{"rendered":"Useful Information ","raw":"Useful Information "},"content":{"rendered":"\n<p>Opening hours:<br>from Monday to Friday 10:00 AM &#8211; 6:00 PM<br>Saturday 12:00 AM &#8211; 4:00 PM<br>Sunday: CLOSED<br><br><strong>FREE ADMISSION<\/strong><br><br>ADRESS:<br>Kie\u0142ba\u015bnicza Street 28<br>50-109 Wroc\u0142aw, Poland<br><br>The Gallery will be closed for visitors on the following days in 2026:<br><br>1 January<br><br>6 January<br><br>4 &#8211; 6 April<br><br>1 &#8211; 3 May<br><br>4 June<br><br>15 August<br><br>1 and 11 November<br><br>25 &#8211; 27 December<\/p>\n\n\n\n<div style=\"height:36px\" aria-hidden=\"true\" class=\"wp-block-spacer\"><\/div>\n\n\n\n<iframe loading=\"lazy\" src=\"https:\/\/www.google.com\/maps\/embed?pb=!1m14!1m8!1m3!1d5009.745383365139!2d17.029231!3d51.11080900000001!3m2!1i1024!2i768!4f13.1!3m3!1m2!1s0x0%3A0x70b5aa65929c0f5f!2sGaleria%20Miejska!5e0!3m2!1spl!2sus!4v1609776416154!5m2!1spl!2sus\" width=\"600\" height=\"450\" frameborder=\"0\" style=\"border:0;\" allowfullscreen=\"\" aria-hidden=\"false\" tabindex=\"0\"><\/iframe>\n\n\n\n<p><br>PARKING<br>Unguarded, paid city parking is available at the entrance to the City Gallery (Kie\u0142ba\u015bnicza Street).<br>The nearest parking space for the disabled is also at Kie\u0142ba\u015bnicza street (about 40 m from the entrance to the Gallery) and at Solny Square (about 100 m from the entrance to the Gallery).<\/p>\n\n\n\n<p><br>PHOTOGRAPHY and FILMING<br>In the gallery you can take photos and film for non-commercial purposes.<\/p>\n\n\n\n<p><br>ANIMALS<br>You can enter the City Gallery with your dog. Our institution is pet-friendly.<br><br><\/p>\n\n\n\n<p>WiFi<br>Free Wi-Fi is available.<\/p>\n\n\n\n<p><br><br><\/p>\n\n\n\n<p><br><\/p>\n","protected":false,"raw":"<!-- wp:paragraph -->\n<p>Opening hours:<br>from Monday to Friday 10:00 AM - 6:00 PM<br>Saturday 12:00 AM - 4:00 PM<br>Sunday: CLOSED<br><br><strong>FREE ADMISSION<\/strong><br><br>ADRESS:<br>Kie\u0142ba\u015bnicza Street 28<br>50-109 Wroc\u0142aw, Poland<br><br>The Gallery will be closed for visitors on the following days in 2026:<br><br>1 January<br><br>6 January<br><br>4 - 6 April<br><br>1 - 3 May<br><br>4 June<br><br>15 August<br><br>1 and 11 November<br><br>25 - 27 December<\/p>\n<!-- \/wp:paragraph -->\n\n<!-- wp:spacer {\"height\":\"36px\"} -->\n<div style=\"height:36px\" aria-hidden=\"true\" class=\"wp-block-spacer\"><\/div>\n<!-- \/wp:spacer -->\n\n<!-- wp:html -->\n<iframe src=\"https:\/\/www.google.com\/maps\/embed?pb=!1m14!1m8!1m3!1d5009.745383365139!2d17.029231!3d51.11080900000001!3m2!1i1024!2i768!4f13.1!3m3!1m2!1s0x0%3A0x70b5aa65929c0f5f!2sGaleria%20Miejska!5e0!3m2!1spl!2sus!4v1609776416154!5m2!1spl!2sus\" width=\"600\" height=\"450\" frameborder=\"0\" style=\"border:0;\" allowfullscreen=\"\" aria-hidden=\"false\" tabindex=\"0\"><\/iframe>\n<!-- \/wp:html -->\n\n<!-- wp:paragraph -->\n<p><br>PARKING<br>Unguarded, paid city parking is available at the entrance to the City Gallery (Kie\u0142ba\u015bnicza Street).<br>The nearest parking space for the disabled is also at Kie\u0142ba\u015bnicza street (about 40 m from the entrance to the Gallery) and at Solny Square (about 100 m from the entrance to the Gallery).<\/p>\n<!-- \/wp:paragraph -->\n\n<!-- wp:paragraph -->\n<p><br>PHOTOGRAPHY and FILMING<br>In the gallery you can take photos and film for non-commercial purposes.<\/p>\n<!-- \/wp:paragraph -->\n\n<!-- wp:paragraph -->\n<p><br>ANIMALS<br>You can enter the City Gallery with your dog. Our institution is pet-friendly.<br><br><\/p>\n<!-- \/wp:paragraph -->\n\n<!-- wp:paragraph -->\n<p>WiFi<br>Free Wi-Fi is available.<\/p>\n<!-- \/wp:paragraph -->\n\n<!-- wp:paragraph -->\n<p><br><br><\/p>\n<!-- \/wp:paragraph -->\n\n<!-- wp:paragraph -->\n<p><br><\/p>\n<!-- \/wp:paragraph -->"},"excerpt":{"rendered":"<p>Opening hours:<br \/>\nfrom Monday to Friday 10:00 AM &#8211; 6:00 PM<br \/>\nSaturday 12:00 AM &#8211; 4:00 PM<\/p>\n<p>FREE ADMISSION<\/p>\n","protected":false,"raw":"Opening hours:\nfrom Monday to Friday 10:00 AM - 6:00 PM\nSaturday 12:00 AM - 4:00 PM\n\nFREE ADMISSION\n"},"author":1,"featured_media":149,"parent":0,"menu_order":0,"comment_status":"closed","ping_status":"closed","template":"","meta":{"_pl_post_content":"<!-- wp:paragraph -->\n<p>Galeria czynna: od poniedzia\u0142ku do pi\u0105tku w\u00a0godzinach 10:00-18:00<br>w\u00a0soboty w\u00a0godzinach 12:00-16:00<br><br><strong>Wst\u0119p do Galerii Miejskiej we Wroc\u0142awiu jest BEZP\u0141ATNY.<br><\/strong><br>ADRES:<br>Galeria Miejska we Wroc\u0142awiu<br>ul. Kie\u0142ba\u015bnicza 28<br>50-109 Wroc\u0142aw<br><br>UWAGA! W\u00a02026 roku Galeria Miejska we Wroc\u0142awiu b\u0119dzie nieczynna w\u00a0dniach:<br><br>1 stycznia<br><br>6 stycznia<br><br>4-6 kwietnia<br><br>1 - 3 maja<\/p>\n<!-- \/wp:paragraph -->\n\n<!-- wp:paragraph -->\n<p>4 czerwca<br><br>15 sierpnia<br><br>1 listopada<br><br>11 listopada<br><br>24 - 27 grudnia<br><br><br>oraz w przypadku wprowadzenia obostrze\u0144 Rz\u0105dowych.<\/p>\n<!-- \/wp:paragraph -->\n\n<!-- wp:paragraph -->\n<p><br>Lokalizacja Galerii Miejskiej we Wroc\u0142awiu:<\/p>\n<!-- \/wp:paragraph -->\n\n<!-- wp:html -->\n<iframe src=\"https:\/\/www.google.com\/maps\/embed?pb=!1m14!1m8!1m3!1d5009.745383365139!2d17.029231!3d51.11080900000001!3m2!1i1024!2i768!4f13.1!3m3!1m2!1s0x0%3A0x70b5aa65929c0f5f!2sGaleria%20Miejska!5e0!3m2!1spl!2sus!4v1609776416154!5m2!1spl!2sus\" width=\"600\" height=\"450\" frameborder=\"0\" style=\"border:0;\" allowfullscreen=\"\" aria-hidden=\"false\" tabindex=\"0\"><\/iframe>\n<!-- \/wp:html -->\n\n<!-- wp:paragraph -->\n<p><br><br>PARKING<br>Parking miejski, niestrze\u017cony, p\u0142atny jest dost\u0119pny przy wej\u015bciu do Galerii Miejskiej (ul. Kie\u0142ba\u015bnicza).<br>Najbli\u017csze miejsce postojowe dla niepe\u0142nosprawnych znajduje si\u0119 r\u00f3wnie\u017c przy ul. Kie\u0142ba\u015bniczej (oko\u0142o 40 m od wej\u015bcia do Galerii) oraz przy placu Solnym (oddalonym od wej\u015bcia do Galerii oko\u0142o 100 m).<br><br><br>FOTOGRAFOWANIE i FILMOWANIE<br>Na terenie galerii mo\u017cna wykonywa\u0107 zdj\u0119cia oraz filmowa\u0107 w celach niekomercyjnych.<br><br><br>ZWIERZ\u0118TA<br>Do Galerii Miejskiej mo\u017cna wej\u015b\u0107 z psem. Nasza instytucja jest przyjazna zwierz\u0119tom.<br><br><br>WiFi<br>Na miejscu dost\u0119pne jest bezp\u0142atne Wi-Fi.<br><br><br><\/p>\n<!-- \/wp:paragraph -->","_pl_post_name":"informacje-praktyczne","_pl_post_excerpt":"Galeria czynna od poniedzia\u0142ku do pi\u0105tku w godzinach 10:00-18:00 i w soboty w godzinach 12:00-16:00\n\nwst\u0119p BEZP\u0141ATNY\n","_pl_post_title":"Informacje praktyczne","_en_post_content":"<!-- wp:paragraph -->\n<p>Opening hours:<br>from Monday to Friday 10:00 AM - 6:00 PM<br>Saturday 12:00 AM - 4:00 PM<br>Sunday: CLOSED<br><br><strong>FREE ADMISSION<\/strong><br><br>ADRESS:<br>Kie\u0142ba\u015bnicza Street 28<br>50-109 Wroc\u0142aw, Poland<br><br>The Gallery will be closed for visitors on the following days in 2026:<br><br>1 January<br><br>6 January<br><br>4 - 6 April<br><br>1 - 3 May<br><br>4 June<br><br>15 August<br><br>1 and 11 November<br><br>25 - 27 December<\/p>\n<!-- \/wp:paragraph -->\n\n<!-- wp:spacer {\"height\":\"36px\"} -->\n<div style=\"height:36px\" aria-hidden=\"true\" class=\"wp-block-spacer\"><\/div>\n<!-- \/wp:spacer -->\n\n<!-- wp:html -->\n<iframe src=\"https:\/\/www.google.com\/maps\/embed?pb=!1m14!1m8!1m3!1d5009.745383365139!2d17.029231!3d51.11080900000001!3m2!1i1024!2i768!4f13.1!3m3!1m2!1s0x0%3A0x70b5aa65929c0f5f!2sGaleria%20Miejska!5e0!3m2!1spl!2sus!4v1609776416154!5m2!1spl!2sus\" width=\"600\" height=\"450\" frameborder=\"0\" style=\"border:0;\" allowfullscreen=\"\" aria-hidden=\"false\" tabindex=\"0\"><\/iframe>\n<!-- \/wp:html -->\n\n<!-- wp:paragraph -->\n<p><br>PARKING<br>Unguarded, paid city parking is available at the entrance to the City Gallery (Kie\u0142ba\u015bnicza Street).<br>The nearest parking space for the disabled is also at Kie\u0142ba\u015bnicza street (about 40 m from the entrance to the Gallery) and at Solny Square (about 100 m from the entrance to the Gallery).<\/p>\n<!-- \/wp:paragraph -->\n\n<!-- wp:paragraph -->\n<p><br>PHOTOGRAPHY and FILMING<br>In the gallery you can take photos and film for non-commercial purposes.<\/p>\n<!-- \/wp:paragraph -->\n\n<!-- wp:paragraph -->\n<p><br>ANIMALS<br>You can enter the City Gallery with your dog. Our institution is pet-friendly.<br><br><\/p>\n<!-- \/wp:paragraph -->\n\n<!-- wp:paragraph -->\n<p>WiFi<br>Free Wi-Fi is available.<\/p>\n<!-- \/wp:paragraph -->\n\n<!-- wp:paragraph -->\n<p><br><br><\/p>\n<!-- \/wp:paragraph -->\n\n<!-- wp:paragraph -->\n<p><br><\/p>\n<!-- \/wp:paragraph -->","_en_post_name":"useful-information","_en_post_excerpt":"Opening hours:\nfrom Monday to Friday 10:00 AM - 6:00 PM\nSaturday 12:00 AM - 4:00 PM\n\nFREE ADMISSION\n","_en_post_title":"Useful Information ","edit_language":"en","footnotes":""},"class_list":["post-157","page","type-page","status-publish","has-post-thumbnail","hentry"],"yoast_head":"<!-- This site is optimized with the Yoast SEO plugin v16.8 - https:\/\/yoast.com\/wordpress\/plugins\/seo\/ -->\n<title>Informacje praktyczne - Galeria Miejska we Wroc\u0142awiu<\/title>\n<meta name=\"robots\" content=\"index, follow, max-snippet:-1, max-image-preview:large, max-video-preview:-1\" \/>\n<link rel=\"canonical\" href=\"https:\/\/galeriamiejska.pl\/en\/useful-information\/\" \/>\n<meta property=\"og:locale\" content=\"en_US\" \/>\n<meta property=\"og:type\" content=\"article\" \/>\n<meta property=\"og:title\" content=\"Informacje praktyczne - Galeria Miejska we Wroc\u0142awiu\" \/>\n<meta property=\"og:description\" content=\"Galeria czynna od poniedzia\u0142ku do pi\u0105tku w godzinach 10:00-18:00 i w soboty w godzinach 12:00-16:00 wst\u0119p BEZP\u0141ATNY\" \/>\n<meta property=\"og:url\" content=\"https:\/\/galeriamiejska.pl\/en\/useful-information\/\" \/>\n<meta property=\"og:site_name\" content=\"Galeria Miejska we Wroc\u0142awiu\" \/>\n<meta property=\"article:modified_time\" content=\"2026-01-02T14:14:30+00:00\" \/>\n<meta property=\"og:image\" content=\"https:\/\/galeriamiejska.pl\/wp-content\/uploads\/2021\/01\/58_1_noname.jpg\" \/>\n\t<meta property=\"og:image:width\" content=\"640\" \/>\n\t<meta property=\"og:image:height\" content=\"340\" \/>\n<meta name=\"twitter:card\" content=\"summary_large_image\" \/>\n<meta name=\"twitter:label1\" content=\"Est. reading time\" \/>\n\t<meta name=\"twitter:data1\" content=\"1 minute\" \/>\n<script type=\"application\/ld+json\" class=\"yoast-schema-graph\">{\"@context\":\"https:\/\/schema.org\",\"@graph\":[{\"@type\":\"WebSite\",\"@id\":\"https:\/\/galeriamiejska.pl\/en\/#website\",\"url\":\"https:\/\/galeriamiejska.pl\/en\/\",\"name\":\"Galeria Miejska we Wroc\\u0142awiu\",\"description\":\"\",\"potentialAction\":[{\"@type\":\"SearchAction\",\"target\":{\"@type\":\"EntryPoint\",\"urlTemplate\":\"https:\/\/galeriamiejska.pl\/en\/?s={search_term_string}\"},\"query-input\":\"required name=search_term_string\"}],\"inLanguage\":\"\"},{\"@type\":\"ImageObject\",\"@id\":\"https:\/\/galeriamiejska.pl\/en\/useful-information\/#primaryimage\",\"inLanguage\":\"\",\"url\":\"https:\/\/galeriamiejska.pl\/wp-content\/uploads\/2021\/01\/58_1_noname.jpg\",\"contentUrl\":\"https:\/\/galeriamiejska.pl\/wp-content\/uploads\/2021\/01\/58_1_noname.jpg\",\"width\":640,\"height\":340},{\"@type\":\"WebPage\",\"@id\":\"https:\/\/galeriamiejska.pl\/en\/useful-information\/#webpage\",\"url\":\"https:\/\/galeriamiejska.pl\/en\/useful-information\/\",\"name\":\"Informacje praktyczne - Galeria Miejska we Wroc\\u0142awiu\",\"isPartOf\":{\"@id\":\"https:\/\/galeriamiejska.pl\/en\/#website\"},\"primaryImageOfPage\":{\"@id\":\"https:\/\/galeriamiejska.pl\/en\/useful-information\/#primaryimage\"},\"datePublished\":\"2021-01-04T16:14:04+00:00\",\"dateModified\":\"2026-01-02T14:14:30+00:00\",\"breadcrumb\":{\"@id\":\"https:\/\/galeriamiejska.pl\/en\/useful-information\/#breadcrumb\"},\"inLanguage\":\"\",\"potentialAction\":[{\"@type\":\"ReadAction\",\"target\":[\"https:\/\/galeriamiejska.pl\/en\/useful-information\/\"]}]},{\"@type\":\"BreadcrumbList\",\"@id\":\"https:\/\/galeriamiejska.pl\/en\/useful-information\/#breadcrumb\",\"itemListElement\":[{\"@type\":\"ListItem\",\"position\":1,\"name\":\"Strona g\\u0142\\u00f3wna\",\"item\":\"https:\/\/galeriamiejska.pl\/en\/\"},{\"@type\":\"ListItem\",\"position\":2,\"name\":\"Useful Information\"}]}]}<\/script>\n<!-- \/ Yoast SEO plugin. -->","yoast_head_json":{"title":"Informacje praktyczne - Galeria Miejska we Wroc\u0142awiu","robots":{"index":"index","follow":"follow","max-snippet":"max-snippet:-1","max-image-preview":"max-image-preview:large","max-video-preview":"max-video-preview:-1"},"canonical":"https:\/\/galeriamiejska.pl\/en\/useful-information\/","og_locale":"en_US","og_type":"article","og_title":"Informacje praktyczne - Galeria Miejska we Wroc\u0142awiu","og_description":"Galeria czynna od poniedzia\u0142ku do pi\u0105tku w godzinach 10:00-18:00 i w soboty w godzinach 12:00-16:00 wst\u0119p BEZP\u0141ATNY","og_url":"https:\/\/galeriamiejska.pl\/en\/useful-information\/","og_site_name":"Galeria Miejska we Wroc\u0142awiu","article_modified_time":"2026-01-02T14:14:30+00:00","og_image":[{"width":640,"height":340,"url":"https:\/\/galeriamiejska.pl\/wp-content\/uploads\/2021\/01\/58_1_noname.jpg","path":"\/autoinstalator\/wordpress\/wp-content\/uploads\/2021\/01\/58_1_noname.jpg","size":"full","id":149,"alt":"","pixels":217600,"type":"image\/jpeg"}],"twitter_card":"summary_large_image","twitter_misc":{"Est. reading time":"1 minute"},"schema":{"@context":"https:\/\/schema.org","@graph":[{"@type":"WebSite","@id":"https:\/\/galeriamiejska.pl\/en\/#website","url":"https:\/\/galeriamiejska.pl\/en\/","name":"Galeria Miejska we Wroc\u0142awiu","description":"","potentialAction":[{"@type":"SearchAction","target":{"@type":"EntryPoint","urlTemplate":"https:\/\/galeriamiejska.pl\/en\/?s={search_term_string}"},"query-input":"required name=search_term_string"}],"inLanguage":""},{"@type":"ImageObject","@id":"https:\/\/galeriamiejska.pl\/en\/useful-information\/#primaryimage","inLanguage":"","url":"https:\/\/galeriamiejska.pl\/wp-content\/uploads\/2021\/01\/58_1_noname.jpg","contentUrl":"https:\/\/galeriamiejska.pl\/wp-content\/uploads\/2021\/01\/58_1_noname.jpg","width":640,"height":340},{"@type":"WebPage","@id":"https:\/\/galeriamiejska.pl\/en\/useful-information\/#webpage","url":"https:\/\/galeriamiejska.pl\/en\/useful-information\/","name":"Informacje praktyczne - Galeria Miejska we Wroc\u0142awiu","isPartOf":{"@id":"https:\/\/galeriamiejska.pl\/en\/#website"},"primaryImageOfPage":{"@id":"https:\/\/galeriamiejska.pl\/en\/useful-information\/#primaryimage"},"datePublished":"2021-01-04T16:14:04+00:00","dateModified":"2026-01-02T14:14:30+00:00","breadcrumb":{"@id":"https:\/\/galeriamiejska.pl\/en\/useful-information\/#breadcrumb"},"inLanguage":"","potentialAction":[{"@type":"ReadAction","target":["https:\/\/galeriamiejska.pl\/en\/useful-information\/"]}]},{"@type":"BreadcrumbList","@id":"https:\/\/galeriamiejska.pl\/en\/useful-information\/#breadcrumb","itemListElement":[{"@type":"ListItem","position":1,"name":"Strona g\u0142\u00f3wna","item":"https:\/\/galeriamiejska.pl\/en\/"},{"@type":"ListItem","position":2,"name":"Useful Information"}]}]}},"_links":{"self":[{"href":"https:\/\/galeriamiejska.pl\/en\/wp-json\/wp\/v2\/pages\/157","targetHints":{"allow":["GET"]}}],"collection":[{"href":"https:\/\/galeriamiejska.pl\/en\/wp-json\/wp\/v2\/pages"}],"about":[{"href":"https:\/\/galeriamiejska.pl\/en\/wp-json\/wp\/v2\/types\/page"}],"author":[{"embeddable":true,"href":"https:\/\/galeriamiejska.pl\/en\/wp-json\/wp\/v2\/users\/1"}],"replies":[{"embeddable":true,"href":"https:\/\/galeriamiejska.pl\/en\/wp-json\/wp\/v2\/comments?post=157"}],"version-history":[{"count":28,"href":"https:\/\/galeriamiejska.pl\/en\/wp-json\/wp\/v2\/pages\/157\/revisions"}],"predecessor-version":[{"id":7632,"href":"https:\/\/galeriamiejska.pl\/en\/wp-json\/wp\/v2\/pages\/157\/revisions\/7632"}],"wp:featuredmedia":[{"embeddable":true,"href":"https:\/\/galeriamiejska.pl\/en\/wp-json\/wp\/v2\/media\/149"}],"wp:attachment":[{"href":"https:\/\/galeriamiejska.pl\/en\/wp-json\/wp\/v2\/media?parent=157"}],"curies":[{"name":"wp","href":"https:\/\/api.w.org\/{rel}","templated":true}]}}