{"id":144,"date":"2021-01-04T16:05:30","date_gmt":"2021-01-04T16:05:30","guid":{"rendered":"http:\/\/galeriamiejska.pl\/?page_id=144"},"modified":"2021-01-04T16:45:27","modified_gmt":"2021-01-04T16:45:27","slug":"","status":"publish","type":"page","link":"https:\/\/galeriamiejska.pl\/en\/profil\/","title":{"rendered":"Profile","raw":"Profile"},"content":{"rendered":"\n<p><strong>THE CITY GALLERY IN WROC\u0141AW<\/strong><br><br>City Gallery in Wroc\u0142aw has been operating since 1991. It was established by Wroc\u0142aw Municipality and its main function is to present Polish and foreign art. But it does not restrict itself to Wroc\u0142aw only. The Gallery also promotes Polish art abroad and the art of Wroc\u0142aw artists in particular.<br>Gallery is a&nbsp;place of presentation of art understood as creation (or a&nbsp;collection) of artifacts. Not negating the right to existence for other various forms of para-artistic activities or concerning other areas of creativity, we want to separate them distinctively from narrower understood art \u2013 the fine art.<br>The aim of the Gallery is to ask questions about meaning and place of art, tradition and idea of beauty in culture and the world, about values and valuating criteria or freedom and responsibility of art. It is as important as presenting art masterpieces.<br>Moreover, since 2013 The Gallery started yet another activity \u2013 publishing of The City Gallery Library series which would include works on theory of art, the culture of artistic criticism and aesthetics.<br>The Director of The City Gallery in Wroc\u0142aw is Miros\u0142aw Jasi\u0144ski, Art Historian, a&nbsp;diplomat and maker of documentary movies.<br><br><\/p>\n","protected":false,"raw":"<!-- wp:paragraph -->\n<p><strong>THE CITY GALLERY IN WROC\u0141AW<\/strong><br><br>City Gallery in Wroc\u0142aw has been operating since 1991. It was established by Wroc\u0142aw Municipality and its main function is to present Polish and foreign art. But it does not restrict itself to Wroc\u0142aw only. The Gallery also promotes Polish art abroad and the art of Wroc\u0142aw artists in particular.<br>Gallery is a&nbsp;place of presentation of art understood as creation (or a&nbsp;collection) of artifacts. Not negating the right to existence for other various forms of para-artistic activities or concerning other areas of creativity, we want to separate them distinctively from narrower understood art \u2013 the fine art.<br>The aim of the Gallery is to ask questions about meaning and place of art, tradition and idea of beauty in culture and the world, about values and valuating criteria or freedom and responsibility of art. It is as important as presenting art masterpieces.<br>Moreover, since 2013 The Gallery started yet another activity \u2013 publishing of The City Gallery Library series which would include works on theory of art, the culture of artistic criticism and aesthetics.<br>The Director of The City Gallery in Wroc\u0142aw is Miros\u0142aw Jasi\u0144ski, Art Historian, a&nbsp;diplomat and maker of documentary movies.<br><br><\/p>\n<!-- \/wp:paragraph -->"},"excerpt":{"rendered":"<p>THE CITY GALLERY IN WROC\u0141AW<\/p>\n","protected":false,"raw":"THE CITY GALLERY IN WROC\u0141AW"},"author":1,"featured_media":145,"parent":0,"menu_order":0,"comment_status":"closed","ping_status":"closed","template":"","meta":{"_pl_post_content":"<!-- wp:paragraph -->\n<p><strong>GALERIA MIEJSKA WE WROC\u0141AWIU<\/strong><br><br>Galeria Miejska we Wroc\u0142awiu dzia\u0142a od 1991 roku. Zosta\u0142a powo\u0142ana przez miasto Wroc\u0142aw, by prezentowa\u0107 sztuk\u0119 polsk\u0105 i&nbsp;mi\u0119dzynarodow\u0105. Dzia\u0142ania Galerii nie ograniczaj\u0105 si\u0119 tylko i&nbsp;wy\u0142\u0105cznie do przestrzeni Wroc\u0142awia. Jednostka promuje sztuk\u0119 polsk\u0105 za granic\u0105 \u2013 szczeg\u00f3lnie k\u0142ad\u0105c nacisk na upowszechnianie prac wroc\u0142awskich artyst\u00f3w.<br><br>Galeria jest miejscem prezentacji sztuki rozumianej w&nbsp;bardzo szerokim kontek\u015bcie. Nie neguj\u0105c istnienia w&nbsp;kulturze wizualnej rozmaitych medi\u00f3w, estetyk oraz postaw artystycznych, instytucja opowiada si\u0119 za r\u00f3\u017cnorodno\u015bci\u0105 idei i&nbsp;ekspresji. Nie od\u017cegnuje si\u0119 przy tym od wszelkiego typu dzia\u0142a\u0144 pozaartystycznych, wykraczaj\u0105cych poza ramy tradycyjnie pojmowanych sztuk pi\u0119knych.<br><br>Celem Galerii jest stawianie pyta\u0144 o&nbsp;sens i&nbsp;miejsce sztuki, tradycji i&nbsp;poj\u0119cia pi\u0119kna w&nbsp;kulturze i&nbsp;\u015bwiecie, o&nbsp;warto\u015bci i&nbsp;kryteria warto\u015bciowania czy o&nbsp;wolno\u015b\u0107 i&nbsp;odpowiedzialno\u015b\u0107 sztuki. Tak nakre\u015blone cele s\u0105 traktowane r\u00f3wnie powa\u017cnie, jak ekspozycja dzie\u0142 wysokiej jako\u015bci.<br><br>Galeria poza organizacj\u0105 wystaw zajmuje si\u0119 r\u00f3wnie\u017c dzia\u0142alno\u015bci\u0105 wydawnicz\u0105.<br>W roku 2013 rozpocz\u0119\u0142a edycj\u0119 Biblioteki Galerii Miejskiej, w&nbsp;ramach kt\u00f3rej publikowane s\u0105 dzie\u0142a z&nbsp;dziedziny teorii sztuki, kultury, krytyki artystycznej i&nbsp;estetyki.<br><br>Dyrektorem Galerii Miejskiej we Wroc\u0142awiu jest Miros\u0142aw Jasi\u0144ski, historyk sztuki, dyplomata i&nbsp;tw\u00f3rca film\u00f3w dokumentalnych.<br><br><\/p>\n<!-- \/wp:paragraph -->","_pl_post_name":"profil","_pl_post_excerpt":"Galeria miejska we Wroc\u0142awiu","_pl_post_title":"Profil","_en_post_content":"<!-- wp:paragraph -->\n<p><strong>THE CITY GALLERY IN WROC\u0141AW<\/strong><br><br>City Gallery in Wroc\u0142aw has been operating since 1991. It was established by Wroc\u0142aw Municipality and its main function is to present Polish and foreign art. But it does not restrict itself to Wroc\u0142aw only. The Gallery also promotes Polish art abroad and the art of Wroc\u0142aw artists in particular.<br>Gallery is a&nbsp;place of presentation of art understood as creation (or a&nbsp;collection) of artifacts. Not negating the right to existence for other various forms of para-artistic activities or concerning other areas of creativity, we want to separate them distinctively from narrower understood art \u2013 the fine art.<br>The aim of the Gallery is to ask questions about meaning and place of art, tradition and idea of beauty in culture and the world, about values and valuating criteria or freedom and responsibility of art. It is as important as presenting art masterpieces.<br>Moreover, since 2013 The Gallery started yet another activity \u2013 publishing of The City Gallery Library series which would include works on theory of art, the culture of artistic criticism and aesthetics.<br>The Director of The City Gallery in Wroc\u0142aw is Miros\u0142aw Jasi\u0144ski, Art Historian, a&nbsp;diplomat and maker of documentary movies.<br><br><\/p>\n<!-- \/wp:paragraph -->","_en_post_name":"","_en_post_excerpt":"THE CITY GALLERY IN WROC\u0141AW","_en_post_title":"Profile","edit_language":"en","footnotes":""},"class_list":["post-144","page","type-page","status-publish","has-post-thumbnail","hentry"],"yoast_head":"<!-- This site is optimized with the Yoast SEO plugin v16.8 - https:\/\/yoast.com\/wordpress\/plugins\/seo\/ -->\n<title>Profil - Galeria Miejska we Wroc\u0142awiu<\/title>\n<meta name=\"robots\" content=\"index, follow, max-snippet:-1, max-image-preview:large, max-video-preview:-1\" \/>\n<link rel=\"canonical\" href=\"https:\/\/galeriamiejska.pl\/en\/profil\/\" \/>\n<meta property=\"og:locale\" content=\"en_US\" \/>\n<meta property=\"og:type\" content=\"article\" \/>\n<meta property=\"og:title\" content=\"Profil - Galeria Miejska we Wroc\u0142awiu\" \/>\n<meta property=\"og:description\" content=\"Galeria miejska we Wroc\u0142awiu\" \/>\n<meta property=\"og:url\" content=\"https:\/\/galeriamiejska.pl\/en\/profil\/\" \/>\n<meta property=\"og:site_name\" content=\"Galeria Miejska we Wroc\u0142awiu\" \/>\n<meta property=\"article:modified_time\" content=\"2021-01-04T16:45:27+00:00\" \/>\n<meta property=\"og:image\" content=\"https:\/\/galeriamiejska.pl\/wp-content\/uploads\/2021\/01\/4_noname.jpg\" \/>\n\t<meta property=\"og:image:width\" content=\"640\" \/>\n\t<meta property=\"og:image:height\" content=\"340\" \/>\n<meta name=\"twitter:card\" content=\"summary_large_image\" \/>\n<meta name=\"twitter:label1\" content=\"Est. reading time\" \/>\n\t<meta name=\"twitter:data1\" content=\"1 minute\" \/>\n<script type=\"application\/ld+json\" class=\"yoast-schema-graph\">{\"@context\":\"https:\/\/schema.org\",\"@graph\":[{\"@type\":\"WebSite\",\"@id\":\"https:\/\/galeriamiejska.pl\/en\/#website\",\"url\":\"https:\/\/galeriamiejska.pl\/en\/\",\"name\":\"Galeria Miejska we Wroc\\u0142awiu\",\"description\":\"\",\"potentialAction\":[{\"@type\":\"SearchAction\",\"target\":{\"@type\":\"EntryPoint\",\"urlTemplate\":\"https:\/\/galeriamiejska.pl\/en\/?s={search_term_string}\"},\"query-input\":\"required name=search_term_string\"}],\"inLanguage\":\"\"},{\"@type\":\"ImageObject\",\"@id\":\"https:\/\/galeriamiejska.pl\/en\/profil\/#primaryimage\",\"inLanguage\":\"\",\"url\":\"https:\/\/galeriamiejska.pl\/wp-content\/uploads\/2021\/01\/4_noname.jpg\",\"contentUrl\":\"https:\/\/galeriamiejska.pl\/wp-content\/uploads\/2021\/01\/4_noname.jpg\",\"width\":640,\"height\":340},{\"@type\":\"WebPage\",\"@id\":\"https:\/\/galeriamiejska.pl\/en\/profil\/#webpage\",\"url\":\"https:\/\/galeriamiejska.pl\/en\/profil\/\",\"name\":\"Profil - Galeria Miejska we Wroc\\u0142awiu\",\"isPartOf\":{\"@id\":\"https:\/\/galeriamiejska.pl\/en\/#website\"},\"primaryImageOfPage\":{\"@id\":\"https:\/\/galeriamiejska.pl\/en\/profil\/#primaryimage\"},\"datePublished\":\"2021-01-04T16:05:30+00:00\",\"dateModified\":\"2021-01-04T16:45:27+00:00\",\"breadcrumb\":{\"@id\":\"https:\/\/galeriamiejska.pl\/en\/profil\/#breadcrumb\"},\"inLanguage\":\"\",\"potentialAction\":[{\"@type\":\"ReadAction\",\"target\":[\"https:\/\/galeriamiejska.pl\/en\/profil\/\"]}]},{\"@type\":\"BreadcrumbList\",\"@id\":\"https:\/\/galeriamiejska.pl\/en\/profil\/#breadcrumb\",\"itemListElement\":[{\"@type\":\"ListItem\",\"position\":1,\"name\":\"Strona g\\u0142\\u00f3wna\",\"item\":\"https:\/\/galeriamiejska.pl\/en\/\"},{\"@type\":\"ListItem\",\"position\":2,\"name\":\"Profile\"}]}]}<\/script>\n<!-- \/ Yoast SEO plugin. -->","yoast_head_json":{"title":"Profil - Galeria Miejska we Wroc\u0142awiu","robots":{"index":"index","follow":"follow","max-snippet":"max-snippet:-1","max-image-preview":"max-image-preview:large","max-video-preview":"max-video-preview:-1"},"canonical":"https:\/\/galeriamiejska.pl\/en\/profil\/","og_locale":"en_US","og_type":"article","og_title":"Profil - Galeria Miejska we Wroc\u0142awiu","og_description":"Galeria miejska we Wroc\u0142awiu","og_url":"https:\/\/galeriamiejska.pl\/en\/profil\/","og_site_name":"Galeria Miejska we Wroc\u0142awiu","article_modified_time":"2021-01-04T16:45:27+00:00","og_image":[{"width":640,"height":340,"url":"https:\/\/galeriamiejska.pl\/wp-content\/uploads\/2021\/01\/4_noname.jpg","path":"\/autoinstalator\/wordpress\/wp-content\/uploads\/2021\/01\/4_noname.jpg","size":"full","id":145,"alt":"","pixels":217600,"type":"image\/jpeg"}],"twitter_card":"summary_large_image","twitter_misc":{"Est. reading time":"1 minute"},"schema":{"@context":"https:\/\/schema.org","@graph":[{"@type":"WebSite","@id":"https:\/\/galeriamiejska.pl\/en\/#website","url":"https:\/\/galeriamiejska.pl\/en\/","name":"Galeria Miejska we Wroc\u0142awiu","description":"","potentialAction":[{"@type":"SearchAction","target":{"@type":"EntryPoint","urlTemplate":"https:\/\/galeriamiejska.pl\/en\/?s={search_term_string}"},"query-input":"required name=search_term_string"}],"inLanguage":""},{"@type":"ImageObject","@id":"https:\/\/galeriamiejska.pl\/en\/profil\/#primaryimage","inLanguage":"","url":"https:\/\/galeriamiejska.pl\/wp-content\/uploads\/2021\/01\/4_noname.jpg","contentUrl":"https:\/\/galeriamiejska.pl\/wp-content\/uploads\/2021\/01\/4_noname.jpg","width":640,"height":340},{"@type":"WebPage","@id":"https:\/\/galeriamiejska.pl\/en\/profil\/#webpage","url":"https:\/\/galeriamiejska.pl\/en\/profil\/","name":"Profil - Galeria Miejska we Wroc\u0142awiu","isPartOf":{"@id":"https:\/\/galeriamiejska.pl\/en\/#website"},"primaryImageOfPage":{"@id":"https:\/\/galeriamiejska.pl\/en\/profil\/#primaryimage"},"datePublished":"2021-01-04T16:05:30+00:00","dateModified":"2021-01-04T16:45:27+00:00","breadcrumb":{"@id":"https:\/\/galeriamiejska.pl\/en\/profil\/#breadcrumb"},"inLanguage":"","potentialAction":[{"@type":"ReadAction","target":["https:\/\/galeriamiejska.pl\/en\/profil\/"]}]},{"@type":"BreadcrumbList","@id":"https:\/\/galeriamiejska.pl\/en\/profil\/#breadcrumb","itemListElement":[{"@type":"ListItem","position":1,"name":"Strona g\u0142\u00f3wna","item":"https:\/\/galeriamiejska.pl\/en\/"},{"@type":"ListItem","position":2,"name":"Profile"}]}]}},"_links":{"self":[{"href":"https:\/\/galeriamiejska.pl\/en\/wp-json\/wp\/v2\/pages\/144","targetHints":{"allow":["GET"]}}],"collection":[{"href":"https:\/\/galeriamiejska.pl\/en\/wp-json\/wp\/v2\/pages"}],"about":[{"href":"https:\/\/galeriamiejska.pl\/en\/wp-json\/wp\/v2\/types\/page"}],"author":[{"embeddable":true,"href":"https:\/\/galeriamiejska.pl\/en\/wp-json\/wp\/v2\/users\/1"}],"replies":[{"embeddable":true,"href":"https:\/\/galeriamiejska.pl\/en\/wp-json\/wp\/v2\/comments?post=144"}],"version-history":[{"count":2,"href":"https:\/\/galeriamiejska.pl\/en\/wp-json\/wp\/v2\/pages\/144\/revisions"}],"predecessor-version":[{"id":151,"href":"https:\/\/galeriamiejska.pl\/en\/wp-json\/wp\/v2\/pages\/144\/revisions\/151"}],"wp:featuredmedia":[{"embeddable":true,"href":"https:\/\/galeriamiejska.pl\/en\/wp-json\/wp\/v2\/media\/145"}],"wp:attachment":[{"href":"https:\/\/galeriamiejska.pl\/en\/wp-json\/wp\/v2\/media?parent=144"}],"curies":[{"name":"wp","href":"https:\/\/api.w.org\/{rel}","templated":true}]}}